{"id":20264,"date":"2024-05-17T12:44:08","date_gmt":"2024-05-17T10:44:08","guid":{"rendered":"https:\/\/www.ateam88.com\/?page_id=20264"},"modified":"2025-01-30T12:49:36","modified_gmt":"2025-01-30T11:49:36","slug":"contactos","status":"publish","type":"page","link":"https:\/\/www.ateam88.com\/it\/contactos\/","title":{"rendered":"Contatti"},"content":{"rendered":"<p>[et_pb_section fb_built=&#8221;1&#8243; admin_label=&#8221;DLE Contact Page 05&#8243; _builder_version=&#8221;4.18.1&#8243; _module_preset=&#8221;default&#8221; use_background_color_gradient=&#8221;on&#8221; background_color_gradient_stops=&#8221;rgba(18,18,18,0.8) 0%|rgba(18,18,18,0.8) 100%&#8221; background_color_gradient_overlays_image=&#8221;on&#8221; background_image=&#8221;https:\/\/divilayoutsextended.com\/wp-content\/uploads\/2022\/03\/df-builder-01.webp&#8221; global_colors_info=&#8221;{}&#8221;][et_pb_row _builder_version=&#8221;4.16&#8243; _module_preset=&#8221;default&#8221; global_colors_info=&#8221;{}&#8221;][et_pb_column type=&#8221;4_4&#8243; _builder_version=&#8221;4.16&#8243; _module_preset=&#8221;default&#8221; global_colors_info=&#8221;{}&#8221;][et_pb_text _builder_version=&#8221;4.25.2&#8243; _dynamic_attributes=&#8221;content&#8221; _module_preset=&#8221;default&#8221; header_font=&#8221;||||||||&#8221; header_font_size=&#8221;40px&#8221; text_orientation=&#8221;center&#8221; background_layout=&#8221;dark&#8221; header_font_size_tablet=&#8221;36px&#8221; header_font_size_phone=&#8221;30px&#8221; header_font_size_last_edited=&#8221;on|phone&#8221; global_colors_info=&#8221;{}&#8221;]@ET-DC@eyJkeW5hbWljIjp0cnVlLCJjb250ZW50IjoicG9zdF90aXRsZSIsInNldHRpbmdzIjp7ImJlZm9yZSI6IjxoMT4iLCJhZnRlciI6IjwvaDE+In19@[\/et_pb_text][\/et_pb_column][\/et_pb_row][\/et_pb_section][et_pb_section fb_built=&#8221;1&#8243; admin_label=&#8221;DLE Contact Page 05&#8243; _builder_version=&#8221;4.25.2&#8243; _module_preset=&#8221;default&#8221; custom_padding=&#8221;10px||10px||false|false&#8221; global_colors_info=&#8221;{}&#8221;][et_pb_row column_structure=&#8221;1_4,1_4,1_4,1_4&#8243; use_custom_gutter=&#8221;on&#8221; gutter_width=&#8221;1&#8243; custom_padding_last_edited=&#8221;on|phone&#8221; _builder_version=&#8221;4.25.2&#8243; _module_preset=&#8221;default&#8221; custom_padding_tablet=&#8221;&#8221; custom_padding_phone=&#8221;0px||0px||false|false&#8221; global_colors_info=&#8221;{}&#8221;][et_pb_column type=&#8221;1_4&#8243; _builder_version=&#8221;4.25.2&#8243; _module_preset=&#8221;default&#8221; background_color=&#8221;#EDF000&#8243; transform_scale=&#8221;96%|96%&#8221; custom_padding=&#8221;40px|40px|40px|40px|true|true&#8221; animation_style=&#8221;slide&#8221; animation_delay=&#8221;100ms&#8221; global_colors_info=&#8221;{}&#8221; transform_scale__hover=&#8221;100%|100%&#8221; transform_scale__hover_enabled=&#8221;on|hover&#8221; transform_styles__hover_enabled=&#8221;on|hover&#8221; transform_translate__hover_enabled=&#8221;on|desktop&#8221; transform_rotate__hover_enabled=&#8221;on|desktop&#8221; transform_skew__hover_enabled=&#8221;on|desktop&#8221; transform_origin__hover_enabled=&#8221;on|desktop&#8221;][et_pb_blurb title=&#8221;Correo electr\u00f3nico&#8221; use_icon=&#8221;on&#8221; font_icon=&#8221;&#xe010;||divi||400&#8243; icon_color=&#8221;#2d3b44&#8243; image_icon_width=&#8221;40px&#8221; _builder_version=&#8221;4.25.2&#8243; _module_preset=&#8221;default&#8221; header_text_color=&#8221;#000000&#8243; body_text_color=&#8221;#000000&#8243; body_link_text_color=&#8221;#000000&#8243; text_orientation=&#8221;center&#8221; icon_font_size=&#8221;25px&#8221; locked=&#8221;off&#8221; global_colors_info=&#8221;{}&#8221;]<\/p>\n<p>info@ateam88.com<\/p>\n<p>[\/et_pb_blurb][\/et_pb_column][et_pb_column type=&#8221;1_4&#8243; _builder_version=&#8221;4.25.2&#8243; _module_preset=&#8221;default&#8221; background_color=&#8221;#0C71C3&#8243; transform_scale=&#8221;96%|96%&#8221; custom_padding=&#8221;40px|40px|40px|40px|true|true&#8221; animation_style=&#8221;slide&#8221; animation_delay=&#8221;600ms&#8221; global_colors_info=&#8221;{}&#8221; transform_styles__hover_enabled=&#8221;on|hover&#8221; transform_scale__hover=&#8221;100%|100%&#8221; transform_scale__hover_enabled=&#8221;on|hover&#8221; transform_translate__hover_enabled=&#8221;on|desktop&#8221; transform_rotate__hover_enabled=&#8221;on|desktop&#8221; transform_skew__hover_enabled=&#8221;on|desktop&#8221; transform_origin__hover_enabled=&#8221;on|desktop&#8221;][et_pb_blurb title=&#8221;Tel\u00e9fono&#8221; url=&#8221;tel:+34822690061&#8243; use_icon=&#8221;on&#8221; font_icon=&#8221;&#xf2a0;||fa||900&#8243; icon_color=&#8221;#2d3b44&#8243; image_icon_width=&#8221;40px&#8221; _builder_version=&#8221;4.25.2&#8243; _module_preset=&#8221;default&#8221; header_text_color=&#8221;#000000&#8243; body_text_color=&#8221;#000000&#8243; body_link_text_color=&#8221;#000000&#8243; text_orientation=&#8221;center&#8221; link_option_url=&#8221;tel:+34822690061&#8243; icon_font_size=&#8221;25px&#8221; locked=&#8221;off&#8221; global_colors_info=&#8221;{}&#8221;]<a href=\"tel: 34822690061\"> (+34) 822 690061 <\/a>[\/et_pb_blurb][\/et_pb_column][et_pb_column type=&#8221;1_4&#8243; _builder_version=&#8221;4.25.2&#8243; _module_preset=&#8221;default&#8221; background_color=&#8221;#7CDA24&#8243; transform_scale=&#8221;96%|96%&#8221; custom_padding=&#8221;40px|40px|40px|40px|true|true&#8221; animation_style=&#8221;slide&#8221; animation_delay=&#8221;1100ms&#8221; global_colors_info=&#8221;{}&#8221; transform_styles__hover_enabled=&#8221;on|hover&#8221; transform_scale__hover=&#8221;100%|100%&#8221; transform_scale__hover_enabled=&#8221;on|hover&#8221; transform_translate__hover_enabled=&#8221;on|desktop&#8221; transform_rotate__hover_enabled=&#8221;on|desktop&#8221; transform_skew__hover_enabled=&#8221;on|desktop&#8221; transform_origin__hover_enabled=&#8221;on|desktop&#8221;][et_pb_blurb title=&#8221;Whatsapp&#8221; url=&#8221;https:\/\/wa.me\/34677744588&#8243; use_icon=&#8221;on&#8221; font_icon=&#8221;&#xf232;||fa||400&#8243; icon_color=&#8221;#2d3b44&#8243; image_icon_width=&#8221;40px&#8221; _builder_version=&#8221;4.25.2&#8243; _module_preset=&#8221;default&#8221; header_text_color=&#8221;#000000&#8243; body_text_color=&#8221;#000000&#8243; body_link_text_color=&#8221;#000000&#8243; text_orientation=&#8221;center&#8221; link_option_url=&#8221;https:\/\/wa.me\/34677744588&#8243; hover_enabled=&#8221;0&#8243; icon_font_size=&#8221;25px&#8221; locked=&#8221;off&#8221; global_colors_info=&#8221;{}&#8221; sticky_enabled=&#8221;0&#8243;]<a href=\"https:\/\/wa.me\/34633160529\">Chatta con noi<\/a>[\/et_pb_blurb][\/et_pb_column][et_pb_column type=&#8221;1_4&#8243; _builder_version=&#8221;4.25.2&#8243; _module_preset=&#8221;default&#8221; background_color=&#8221;#E02B20&#8243; transform_scale=&#8221;96%|96%&#8221; custom_padding=&#8221;40px|40px|40px|40px|true|true&#8221; animation_style=&#8221;slide&#8221; animation_delay=&#8221;1600ms&#8221; global_colors_info=&#8221;{}&#8221; transform_styles__hover_enabled=&#8221;on|hover&#8221; transform_scale__hover=&#8221;100%|100%&#8221; transform_scale__hover_enabled=&#8221;on|hover&#8221; transform_translate__hover_enabled=&#8221;on|desktop&#8221; transform_rotate__hover_enabled=&#8221;on|desktop&#8221; transform_skew__hover_enabled=&#8221;on|desktop&#8221; transform_origin__hover_enabled=&#8221;on|desktop&#8221;][et_pb_blurb title=&#8221;Ubicaci\u00f3n&#8221; use_icon=&#8221;on&#8221; font_icon=&#8221;&#xe01d;||divi||400&#8243; icon_color=&#8221;#2d3b44&#8243; image_icon_width=&#8221;40px&#8221; _builder_version=&#8221;4.25.2&#8243; _module_preset=&#8221;default&#8221; header_text_color=&#8221;#000000&#8243; body_text_color=&#8221;#000000&#8243; text_orientation=&#8221;center&#8221; icon_font_size=&#8221;25px&#8221; locked=&#8221;off&#8221; global_colors_info=&#8221;{}&#8221;]<\/p>\n<p>Santa Cruz de Tenerife<\/p>\n<p>[\/et_pb_blurb][\/et_pb_column][\/et_pb_row][et_pb_row custom_padding_last_edited=&#8221;on|phone&#8221; _builder_version=&#8221;4.25.2&#8243; _module_preset=&#8221;default&#8221; background_color=&#8221;#f8f8f8&#8243; width_last_edited=&#8221;off|tablet&#8221; custom_margin_tablet=&#8221;&#8221; custom_margin_phone=&#8221;20px||||false|false&#8221; custom_margin_last_edited=&#8221;on|tablet&#8221; custom_padding=&#8221;||||false|false&#8221; custom_padding_tablet=&#8221;||||false|false&#8221; custom_padding_phone=&#8221;20px||20px||true|false&#8221; animation_style=&#8221;slide&#8221; animation_delay=&#8221;2000ms&#8221; global_colors_info=&#8221;{}&#8221;][et_pb_column type=&#8221;4_4&#8243; _builder_version=&#8221;4.16&#8243; _module_preset=&#8221;default&#8221; custom_padding=&#8221;|50px||50px|false|true&#8221; custom_padding_tablet=&#8221;|50px||50px|false|true&#8221; custom_padding_phone=&#8221;|20px||20px|false|true&#8221; custom_padding_last_edited=&#8221;on|phone&#8221; global_colors_info=&#8221;{}&#8221;][et_pb_text _builder_version=&#8221;4.25.2&#8243; _module_preset=&#8221;default&#8221; header_2_font=&#8221;|600|||||||&#8221; header_2_font_size=&#8221;36px&#8221; text_orientation=&#8221;center&#8221; header_2_font_size_tablet=&#8221;30px&#8221; header_2_font_size_phone=&#8221;28px&#8221; header_2_font_size_last_edited=&#8221;on|phone&#8221; global_colors_info=&#8221;{}&#8221;]<\/p>\n<h2>Contattaci<\/h2>\n<p>[\/et_pb_text][et_pb_contact_form use_spam_service=&#8221;on&#8221; recaptcha_list=&#8221;Default-0&#8243; email=&#8221;info@ateam88.com&#8221; title=&#8221;Si tiene alguna duda o consulta, \u00a1estamos a su disposici\u00f3n! &#8221; custom_message=&#8221;Hola||et_pb_line_break_holder||El Sr.\/la Sra. %%Name%% ha enviado un mensaje a trav\u00e9s de la p\u00e1gina de contacto del sitio web Ateam88.com||et_pb_line_break_holder||A continuaci\u00f3n se muestra el mensaje: ||et_pb_line_break_holder||%%Message%%||et_pb_line_break_holder||El visitante ha aceptado las condiciones de privacidad||et_pb_line_break_holder||%%Privacy%%||et_pb_line_break_holder||||et_pb_line_break_holder||Puede ponerse en contacto con el visitante respondiendo a este mensaje o enviando un correo electr\u00f3nico a %%Email%% o por tel\u00e9fono ( si ha indicado el n\u00famero ) al %%telefono%%.&#8221; success_message=&#8221;\u00a1Mensaje enviado con \u00e9xito! \u00a1Nos pondremos en contacto con usted lo antes posible!&#8221; submit_button_text=&#8221;Enviar&#8221; _builder_version=&#8221;4.25.2&#8243; _module_preset=&#8221;default&#8221; _unique_id=&#8221;9a22e806-6fc2-4064-9834-617100811a76&#8243; form_field_background_color=&#8221;#FFFFFF&#8221; custom_button=&#8221;on&#8221; button_text_color=&#8221;#FFFFFF&#8221; button_bg_color=&#8221;#E02B20&#8243; button_border_width=&#8221;0px&#8221; button_border_radius=&#8221;3px&#8221; button_use_icon=&#8221;off&#8221; button_custom_margin=&#8221;20px||||false|false&#8221; button_custom_padding=&#8221;10px|30px|10px|30px|true|true&#8221; border_width_all=&#8221;1px&#8221; border_color_all=&#8221;#dddddd&#8221; global_colors_info=&#8221;{}&#8221; custom_css_contact_button_last_edited=&#8221;on|phone&#8221; custom_css_contact_button_phone=&#8221;margin-bottom: 20px;&#8221; button_bg_color__hover_enabled=&#8221;on|hover&#8221; button_bg_color__hover=&#8221;#121212&#8243; button_bg_enable_color__hover=&#8221;on&#8221;][et_pb_contact_field field_id=&#8221;Name&#8221; field_title=&#8221;Nombre&#8221; _builder_version=&#8221;4.25.2&#8243; global_colors_info=&#8221;{}&#8221; button_text_size__hover_enabled=&#8221;off&#8221; button_one_text_size__hover_enabled=&#8221;off&#8221; button_two_text_size__hover_enabled=&#8221;off&#8221; button_text_color__hover_enabled=&#8221;off&#8221; button_one_text_color__hover_enabled=&#8221;off&#8221; button_two_text_color__hover_enabled=&#8221;off&#8221; button_border_width__hover_enabled=&#8221;off&#8221; button_one_border_width__hover_enabled=&#8221;off&#8221; button_two_border_width__hover_enabled=&#8221;off&#8221; button_border_color__hover_enabled=&#8221;off&#8221; button_one_border_color__hover_enabled=&#8221;off&#8221; button_two_border_color__hover_enabled=&#8221;off&#8221; button_border_radius__hover_enabled=&#8221;off&#8221; button_one_border_radius__hover_enabled=&#8221;off&#8221; button_two_border_radius__hover_enabled=&#8221;off&#8221; button_letter_spacing__hover_enabled=&#8221;off&#8221; button_one_letter_spacing__hover_enabled=&#8221;off&#8221; button_two_letter_spacing__hover_enabled=&#8221;off&#8221; button_bg_color__hover_enabled=&#8221;off&#8221; button_one_bg_color__hover_enabled=&#8221;off&#8221; button_two_bg_color__hover_enabled=&#8221;off&#8221;][\/et_pb_contact_field][et_pb_contact_field field_id=&#8221;Email&#8221; field_title=&#8221;Correo electr\u00f3nico&#8221; field_type=&#8221;email&#8221; _builder_version=&#8221;4.25.2&#8243; global_colors_info=&#8221;{}&#8221; button_text_size__hover_enabled=&#8221;off&#8221; button_one_text_size__hover_enabled=&#8221;off&#8221; button_two_text_size__hover_enabled=&#8221;off&#8221; button_text_color__hover_enabled=&#8221;off&#8221; button_one_text_color__hover_enabled=&#8221;off&#8221; button_two_text_color__hover_enabled=&#8221;off&#8221; button_border_width__hover_enabled=&#8221;off&#8221; button_one_border_width__hover_enabled=&#8221;off&#8221; button_two_border_width__hover_enabled=&#8221;off&#8221; button_border_color__hover_enabled=&#8221;off&#8221; button_one_border_color__hover_enabled=&#8221;off&#8221; button_two_border_color__hover_enabled=&#8221;off&#8221; button_border_radius__hover_enabled=&#8221;off&#8221; button_one_border_radius__hover_enabled=&#8221;off&#8221; button_two_border_radius__hover_enabled=&#8221;off&#8221; button_letter_spacing__hover_enabled=&#8221;off&#8221; button_one_letter_spacing__hover_enabled=&#8221;off&#8221; button_two_letter_spacing__hover_enabled=&#8221;off&#8221; button_bg_color__hover_enabled=&#8221;off&#8221; button_one_bg_color__hover_enabled=&#8221;off&#8221; button_two_bg_color__hover_enabled=&#8221;off&#8221;][\/et_pb_contact_field][et_pb_contact_field field_id=&#8221;telefono&#8221; field_title=&#8221;Tel\u00e9fono&#8221; required_mark=&#8221;off&#8221; fullwidth_field=&#8221;on&#8221; _builder_version=&#8221;4.25.2&#8243; _module_preset=&#8221;default&#8221; global_colors_info=&#8221;{}&#8221;][\/et_pb_contact_field][et_pb_contact_field field_id=&#8221;Message&#8221; field_title=&#8221;Mensaje&#8221; field_type=&#8221;text&#8221; fullwidth_field=&#8221;on&#8221; _builder_version=&#8221;4.25.2&#8243; global_colors_info=&#8221;{}&#8221; button_text_size__hover_enabled=&#8221;off&#8221; button_one_text_size__hover_enabled=&#8221;off&#8221; button_two_text_size__hover_enabled=&#8221;off&#8221; button_text_color__hover_enabled=&#8221;off&#8221; button_one_text_color__hover_enabled=&#8221;off&#8221; button_two_text_color__hover_enabled=&#8221;off&#8221; button_border_width__hover_enabled=&#8221;off&#8221; button_one_border_width__hover_enabled=&#8221;off&#8221; button_two_border_width__hover_enabled=&#8221;off&#8221; button_border_color__hover_enabled=&#8221;off&#8221; button_one_border_color__hover_enabled=&#8221;off&#8221; button_two_border_color__hover_enabled=&#8221;off&#8221; button_border_radius__hover_enabled=&#8221;off&#8221; button_one_border_radius__hover_enabled=&#8221;off&#8221; button_two_border_radius__hover_enabled=&#8221;off&#8221; button_letter_spacing__hover_enabled=&#8221;off&#8221; button_one_letter_spacing__hover_enabled=&#8221;off&#8221; button_two_letter_spacing__hover_enabled=&#8221;off&#8221; button_bg_color__hover_enabled=&#8221;off&#8221; button_one_bg_color__hover_enabled=&#8221;off&#8221; button_two_bg_color__hover_enabled=&#8221;off&#8221;][\/et_pb_contact_field][et_pb_contact_field field_id=&#8221;Privacy&#8221; field_title=&#8221;Privacidad&#8221; field_type=&#8221;checkbox&#8221; checkbox_options=&#8221;%91{%22value%22:%22Declaro que he le\u00eddo la pol\u00edtica de privacidad y consiento el tratamiento de mis datos personales para la prestaci\u00f3n del servicio y para el cumplimiento de obligaciones contractuales y legales &#8211; Leer %22,%22checked%22:0,%22dragID%22:-1,%22link_url%22:%22https:\/\/www.ateam88.com\/declaracion-de-confidencialidad-ue\/?cmplz_region_redirect=true%22,%22link_text%22:%22Declaraci\u00f3n de confidencialidad (UE)%22}%93&#8243; fullwidth_field=&#8221;on&#8221; _builder_version=&#8221;4.25.2&#8243; _module_preset=&#8221;default&#8221; global_colors_info=&#8221;{}&#8221;][\/et_pb_contact_field][\/et_pb_contact_form][\/et_pb_column][\/et_pb_row][\/et_pb_section][et_pb_section fb_built=&#8221;1&#8243; fullwidth=&#8221;on&#8221; _builder_version=&#8221;4.25.2&#8243; _module_preset=&#8221;default&#8221; global_colors_info=&#8221;{}&#8221;][et_pb_fullwidth_map address=&#8221;Av. Santa Cruz, 66, Portal 3 Oficina 1, 38611 San Isidro, Santa Cruz de Tenerife, Spagna&#8221; address_lat=&#8221;28.0799676&#8243; address_lng=&#8221;-16.5589595&#8243; _builder_version=&#8221;4.25.2&#8243; _module_preset=&#8221;default&#8221; global_colors_info=&#8221;{}&#8221;][et_pb_map_pin title=&#8221;ATEAM88&#8243; pin_address=&#8221;Av. Santa Cruz, 66, Portal 3 Oficina 1, 38611 San Isidro, Santa Cruz de Tenerife, Spagna&#8221; zoom_level=&#8221;13&#8243; pin_address_lat=&#8221;28.0799676&#8243; pin_address_lng=&#8221;-16.5589595&#8243; _builder_version=&#8221;4.25.2&#8243; _module_preset=&#8221;default&#8221; global_colors_info=&#8221;{}&#8221;]<\/p>\n<p>asdasdasda<\/p>\n<p>[\/et_pb_map_pin][\/et_pb_fullwidth_map][\/et_pb_section]<\/p>","protected":false},"excerpt":{"rendered":"<p>info@ateam88.com (+34) 822 690061 Chatea con nosotrosSanta Cruz de TenerifeP\u00f3ngase en contactoasdasdasda<\/p>","protected":false},"author":2,"featured_media":0,"parent":0,"menu_order":0,"comment_status":"closed","ping_status":"closed","template":"","meta":{"_et_pb_use_builder":"on","_et_pb_old_content":"","_et_gb_content_width":"","footnotes":""},"class_list":["post-20264","page","type-page","status-publish","hentry"],"yoast_head":"<!-- This site is optimized with the Yoast SEO plugin v22.9 - https:\/\/yoast.com\/wordpress\/plugins\/seo\/ -->\n<title>Contactos - Ateam88<\/title>\n<meta name=\"robots\" content=\"index, follow, max-snippet:-1, max-image-preview:large, max-video-preview:-1\" \/>\n<link rel=\"canonical\" href=\"https:\/\/www.ateam88.com\/it\/contactos\/\" \/>\n<meta property=\"og:locale\" content=\"it_IT\" \/>\n<meta property=\"og:type\" content=\"article\" \/>\n<meta property=\"og:title\" content=\"Contactos - Ateam88\" \/>\n<meta property=\"og:description\" content=\"info@ateam88.com (+34) 822 690061 Chatea con nosotrosSanta Cruz de TenerifeP\u00f3ngase en contactoasdasdasda\" \/>\n<meta property=\"og:url\" content=\"https:\/\/www.ateam88.com\/it\/contactos\/\" \/>\n<meta property=\"og:site_name\" content=\"Ateam88\" \/>\n<meta property=\"article:modified_time\" content=\"2025-01-30T11:49:36+00:00\" \/>\n<meta name=\"twitter:card\" content=\"summary_large_image\" \/>\n<meta name=\"twitter:label1\" content=\"Tempo di lettura stimato\" \/>\n\t<meta name=\"twitter:data1\" content=\"9 minuti\" \/>\n<script type=\"application\/ld+json\" class=\"yoast-schema-graph\">{\"@context\":\"https:\/\/schema.org\",\"@graph\":[{\"@type\":\"WebPage\",\"@id\":\"https:\/\/www.ateam88.com\/contactos\/\",\"url\":\"https:\/\/www.ateam88.com\/contactos\/\",\"name\":\"Contactos - Ateam88\",\"isPartOf\":{\"@id\":\"https:\/\/www.ateam88.com\/#website\"},\"datePublished\":\"2024-05-17T10:44:08+00:00\",\"dateModified\":\"2025-01-30T11:49:36+00:00\",\"breadcrumb\":{\"@id\":\"https:\/\/www.ateam88.com\/contactos\/#breadcrumb\"},\"inLanguage\":\"it-IT\",\"potentialAction\":[{\"@type\":\"ReadAction\",\"target\":[\"https:\/\/www.ateam88.com\/contactos\/\"]}]},{\"@type\":\"BreadcrumbList\",\"@id\":\"https:\/\/www.ateam88.com\/contactos\/#breadcrumb\",\"itemListElement\":[{\"@type\":\"ListItem\",\"position\":1,\"name\":\"Home\",\"item\":\"https:\/\/www.ateam88.com\/\"},{\"@type\":\"ListItem\",\"position\":2,\"name\":\"Contactos\"}]},{\"@type\":\"WebSite\",\"@id\":\"https:\/\/www.ateam88.com\/#website\",\"url\":\"https:\/\/www.ateam88.com\/\",\"name\":\"Ateam88\",\"description\":\"\",\"publisher\":{\"@id\":\"https:\/\/www.ateam88.com\/#organization\"},\"potentialAction\":[{\"@type\":\"SearchAction\",\"target\":{\"@type\":\"EntryPoint\",\"urlTemplate\":\"https:\/\/www.ateam88.com\/?s={search_term_string}\"},\"query-input\":\"required name=search_term_string\"}],\"inLanguage\":\"it-IT\"},{\"@type\":\"Organization\",\"@id\":\"https:\/\/www.ateam88.com\/#organization\",\"name\":\"Ateam88\",\"url\":\"https:\/\/www.ateam88.com\/\",\"logo\":{\"@type\":\"ImageObject\",\"inLanguage\":\"it-IT\",\"@id\":\"https:\/\/www.ateam88.com\/#\/schema\/logo\/image\/\",\"url\":\"https:\/\/www.ateam88.com\/wp-content\/uploads\/2024\/02\/logo-ateam88.jpeg\",\"contentUrl\":\"https:\/\/www.ateam88.com\/wp-content\/uploads\/2024\/02\/logo-ateam88.jpeg\",\"width\":1600,\"height\":372,\"caption\":\"Ateam88\"},\"image\":{\"@id\":\"https:\/\/www.ateam88.com\/#\/schema\/logo\/image\/\"}}]}<\/script>\n<!-- \/ Yoast SEO plugin. -->","yoast_head_json":{"title":"Contactos - Ateam88","robots":{"index":"index","follow":"follow","max-snippet":"max-snippet:-1","max-image-preview":"max-image-preview:large","max-video-preview":"max-video-preview:-1"},"canonical":"https:\/\/www.ateam88.com\/it\/contactos\/","og_locale":"it_IT","og_type":"article","og_title":"Contactos - Ateam88","og_description":"info@ateam88.com (+34) 822 690061 Chatea con nosotrosSanta Cruz de TenerifeP\u00f3ngase en contactoasdasdasda","og_url":"https:\/\/www.ateam88.com\/it\/contactos\/","og_site_name":"Ateam88","article_modified_time":"2025-01-30T11:49:36+00:00","twitter_card":"summary_large_image","twitter_misc":{"Tempo di lettura stimato":"9 minuti"},"schema":{"@context":"https:\/\/schema.org","@graph":[{"@type":"WebPage","@id":"https:\/\/www.ateam88.com\/contactos\/","url":"https:\/\/www.ateam88.com\/contactos\/","name":"Contactos - Ateam88","isPartOf":{"@id":"https:\/\/www.ateam88.com\/#website"},"datePublished":"2024-05-17T10:44:08+00:00","dateModified":"2025-01-30T11:49:36+00:00","breadcrumb":{"@id":"https:\/\/www.ateam88.com\/contactos\/#breadcrumb"},"inLanguage":"it-IT","potentialAction":[{"@type":"ReadAction","target":["https:\/\/www.ateam88.com\/contactos\/"]}]},{"@type":"BreadcrumbList","@id":"https:\/\/www.ateam88.com\/contactos\/#breadcrumb","itemListElement":[{"@type":"ListItem","position":1,"name":"Home","item":"https:\/\/www.ateam88.com\/"},{"@type":"ListItem","position":2,"name":"Contactos"}]},{"@type":"WebSite","@id":"https:\/\/www.ateam88.com\/#website","url":"https:\/\/www.ateam88.com\/","name":"Ateam88","description":"","publisher":{"@id":"https:\/\/www.ateam88.com\/#organization"},"potentialAction":[{"@type":"SearchAction","target":{"@type":"EntryPoint","urlTemplate":"https:\/\/www.ateam88.com\/?s={search_term_string}"},"query-input":"required name=search_term_string"}],"inLanguage":"it-IT"},{"@type":"Organization","@id":"https:\/\/www.ateam88.com\/#organization","name":"Ateam88","url":"https:\/\/www.ateam88.com\/","logo":{"@type":"ImageObject","inLanguage":"it-IT","@id":"https:\/\/www.ateam88.com\/#\/schema\/logo\/image\/","url":"https:\/\/www.ateam88.com\/wp-content\/uploads\/2024\/02\/logo-ateam88.jpeg","contentUrl":"https:\/\/www.ateam88.com\/wp-content\/uploads\/2024\/02\/logo-ateam88.jpeg","width":1600,"height":372,"caption":"Ateam88"},"image":{"@id":"https:\/\/www.ateam88.com\/#\/schema\/logo\/image\/"}}]}},"_links":{"self":[{"href":"https:\/\/www.ateam88.com\/it\/wp-json\/wp\/v2\/pages\/20264","targetHints":{"allow":["GET"]}}],"collection":[{"href":"https:\/\/www.ateam88.com\/it\/wp-json\/wp\/v2\/pages"}],"about":[{"href":"https:\/\/www.ateam88.com\/it\/wp-json\/wp\/v2\/types\/page"}],"author":[{"embeddable":true,"href":"https:\/\/www.ateam88.com\/it\/wp-json\/wp\/v2\/users\/2"}],"replies":[{"embeddable":true,"href":"https:\/\/www.ateam88.com\/it\/wp-json\/wp\/v2\/comments?post=20264"}],"version-history":[{"count":25,"href":"https:\/\/www.ateam88.com\/it\/wp-json\/wp\/v2\/pages\/20264\/revisions"}],"predecessor-version":[{"id":20672,"href":"https:\/\/www.ateam88.com\/it\/wp-json\/wp\/v2\/pages\/20264\/revisions\/20672"}],"wp:attachment":[{"href":"https:\/\/www.ateam88.com\/it\/wp-json\/wp\/v2\/media?parent=20264"}],"curies":[{"name":"wp","href":"https:\/\/api.w.org\/{rel}","templated":true}]}}